{"id":1024,"date":"2014-07-29T16:22:49","date_gmt":"2014-07-29T14:22:49","guid":{"rendered":"http:\/\/razeebuss.com\/?page_id=1024"},"modified":"2015-12-15T13:55:01","modified_gmt":"2015-12-15T11:55:01","slug":"concepto","status":"publish","type":"page","link":"http:\/\/razeebuss.com\/es\/concepto\/","title":{"rendered":"Nuestro Concepto"},"content":{"rendered":"<p class=\"menu\"><span style=\"color: #000000;\"><strong><span id=\"result_box\" class=\"\" lang=\"es\"><span title=\"Non pas un paramoteur mais une motorisation auxiliaire \"> No es un para-motor\u00a0 pero un motor subsidiaria&#8230;<\/span><\/span><\/strong><\/span><\/p>\n<p>&nbsp;<\/p>\n<p class=\"menu\"><span style=\"color: #000000;\"><strong><span id=\"result_box\" class=\"\" lang=\"es\"><span title=\"Encore un r\u00eave ou une r\u00e9alit\u00e9 ... \">Todav\u00eda\u00a0 un sue\u00f1o o una realidad &#8230;<\/span><\/span><\/strong><\/span><\/p>\n<p><span title=\"Juste assez pour d\u00e9coller et accrocher le premier thermique , plus besoin d'un v\u00e9hicule , ou d'un chauffeur pour monter au d\u00e9collage... \">S\u00f3lo lo suficiente para despegar y colgar la primera manga, no hay necesidad de un veh\u00edculo o de un conductor para subir en el despegue &#8230;<\/span><\/p>\n<p><span title=\"Imaginez que vous puissiez avoir un parapente qui vous permettent de d\u00e9coller depuis un terrain plat sans avoir a conduire jusqu'au d\u00e9collage le plus proche , et en \u00e9vitant de perdre le temps du trajet ou de choix du site , une solution pour voler plus souvent ,\">Imagine que es capaz de tener un parapente que le permiten despegar desde un terreno plano sin tener que conducir al despegue m\u00e1s cercano, y evitando la p\u00e9rdida de tiempo de viaje o de la selecci\u00f3n del sitio, una soluci\u00f3n para volar m\u00e1s a menudo, <\/span><span title=\"ou du moins chaque fois que cela est possible , en \u00e9tant toujours pr\u00eat a d\u00e9coller des que les conditions sont favorables . \">o al menos siempre que sea posible, estar siempre listo para despegar en cuanto las condiciones sean favorables.<\/span><\/p>\n<p><span title=\"Un syst\u00e8me qui vous permettent d'aller voler l\u00e0 , ou les conditions sont favorables au vol libre , m\u00eame en plaine , sans aucun relief a proximit\u00e9 , ou en d\u00e9collant d'une plage et partir en soaring juste a la limite de la terre et l\">Un sistema que permite que usted vaya vuela all\u00ed, o las condiciones son favorables para el vuelo libre, incluso sin formato, sin cualquier tipo de terreno, o que despegaba de una playa y apenas se eleva en el l\u00edmite de la tierra y <\/span><span title=\"'eau . \">agua.<\/span><\/p>\n<p><span title=\"Imaginez une machine qui peux vous fournir juste quelques secondes ou minutes de pouss\u00e9e;\">Imag\u00ednese una m\u00e1quina que le puede dar s\u00f3lo unos pocos segundos o minutos de empuje; <\/span><span title=\"juste assez pour r\u00e9-entrer dans l'ascendance que vous venez de perdre , ou atteindre le dynamique d'un versant mieux orient\u00e9 a la brise . \">lo suficiente como para volver a entrar en el descenso que acaba de perder, o llegar a una pendiente hacia una mejor din\u00e1mica en la brisa.<\/span><\/p>\n<p><span title=\"Imaginer pouvoir d\u00e9coller en prendre 400 m\u00e8tres de gain pour raccrocher le thermique , ou juste faire un vol en palier juste a la tomber du jour , pour finir une belle journ\u00e9e de vol . \">Imagine que es capaz de despegar en 400 metros de la ganancia para colgar el calor, o simplemente hacer un vuelo nivel razonable a la ca\u00edda del d\u00eda, finalmente, un hermoso d\u00eda de volar.<\/span><\/p>\n<p><span title=\"Imaginez que cette machine soit assez compacte par contenir dans le coffre de votre voiture en permanence , qu'elle soit tr\u00e8s facile a mettre en \u0153uvre , et que vous puissiez retrouver votre environnement habituel de vol libre : Pilotage , sensation , et position . \">Imagine que esta m\u00e1quina es suficiente para contener en el maletero de su coche en todo momento compacto, es muy f\u00e1cil de implementar, y usted puede recuperar su entorno habitual vuelo libre: sensaci\u00f3n\u00a0 y\u00a0 posici\u00f3n.<\/span><\/p>\n<p><span title=\"Voila tous les crit\u00e8res d'une nouvelle g\u00e9n\u00e9ration de motorisation , pour un nouveaux type de pilote , entre parapente et paramoteur .\">Aqu\u00ed todos los criterios para una nueva generaci\u00f3n de motores para un nuevo tipo de piloto <\/span>.<\/p>\n<p>&nbsp;<\/p>\n<p>&nbsp;<\/p>\n","protected":false},"excerpt":{"rendered":"<p>No es un para-motor\u00a0 pero un motor subsidiaria&#8230; &nbsp; Todav\u00eda\u00a0 un sue\u00f1o o una realidad &#8230; S\u00f3lo lo suficiente para despegar y colgar la primera manga, no hay necesidad de un veh\u00edculo o de un conductor para subir en el despegue &#8230; Imagine que es capaz de tener un parapente que le permiten despegar desde &hellip; <a href=\"http:\/\/razeebuss.com\/es\/concepto\/\" class=\"more-link\">Seguir leyendo <span class=\"screen-reader-text\">Nuestro Concepto<\/span> <span class=\"meta-nav\">&rarr;<\/span><\/a><\/p>\n","protected":false},"author":1,"featured_media":1269,"parent":0,"menu_order":5,"comment_status":"closed","ping_status":"closed","template":"","meta":{"jetpack_post_was_ever_published":false,"footnotes":""},"class_list":["post-1024","page","type-page","status-publish","has-post-thumbnail","hentry"],"yoast_head":"<!-- This site is optimized with the Yoast SEO plugin v26.3 - https:\/\/yoast.com\/wordpress\/plugins\/seo\/ -->\n<title>Nuestro Concepto - RAZEEBUSS AIRCRAFT<\/title>\n<meta name=\"robots\" content=\"index, follow, max-snippet:-1, max-image-preview:large, max-video-preview:-1\" \/>\n<link rel=\"canonical\" href=\"http:\/\/razeebuss.com\/es\/concepto\/\" \/>\n<script type=\"application\/ld+json\" class=\"yoast-schema-graph\">{\"@context\":\"https:\/\/schema.org\",\"@graph\":[{\"@type\":\"BreadcrumbList\",\"@id\":\"http:\/\/razeebuss.com\/es\/concepto\/#breadcrumb\",\"itemListElement\":[{\"@type\":\"ListItem\",\"position\":1,\"name\":\"Accueil\",\"item\":\"http:\/\/razeebuss.com\/\"},{\"@type\":\"ListItem\",\"position\":2,\"name\":\"Nuestro Concepto\"}]}]}<\/script>\n<!-- \/ Yoast SEO plugin. -->","yoast_head_json":{"title":"Nuestro Concepto - RAZEEBUSS AIRCRAFT","robots":{"index":"index","follow":"follow","max-snippet":"max-snippet:-1","max-image-preview":"max-image-preview:large","max-video-preview":"max-video-preview:-1"},"canonical":"http:\/\/razeebuss.com\/es\/concepto\/","schema":{"@context":"https:\/\/schema.org","@graph":[{"@type":"BreadcrumbList","@id":"http:\/\/razeebuss.com\/es\/concepto\/#breadcrumb","itemListElement":[{"@type":"ListItem","position":1,"name":"Accueil","item":"http:\/\/razeebuss.com\/"},{"@type":"ListItem","position":2,"name":"Nuestro Concepto"}]}]}},"jetpack_shortlink":"https:\/\/wp.me\/P4ScjR-gw","jetpack_sharing_enabled":true,"_links":{"self":[{"href":"http:\/\/razeebuss.com\/es\/wp-json\/wp\/v2\/pages\/1024","targetHints":{"allow":["GET"]}}],"collection":[{"href":"http:\/\/razeebuss.com\/es\/wp-json\/wp\/v2\/pages"}],"about":[{"href":"http:\/\/razeebuss.com\/es\/wp-json\/wp\/v2\/types\/page"}],"author":[{"embeddable":true,"href":"http:\/\/razeebuss.com\/es\/wp-json\/wp\/v2\/users\/1"}],"replies":[{"embeddable":true,"href":"http:\/\/razeebuss.com\/es\/wp-json\/wp\/v2\/comments?post=1024"}],"version-history":[{"count":5,"href":"http:\/\/razeebuss.com\/es\/wp-json\/wp\/v2\/pages\/1024\/revisions"}],"predecessor-version":[{"id":2286,"href":"http:\/\/razeebuss.com\/es\/wp-json\/wp\/v2\/pages\/1024\/revisions\/2286"}],"wp:featuredmedia":[{"embeddable":true,"href":"http:\/\/razeebuss.com\/es\/wp-json\/wp\/v2\/media\/1269"}],"wp:attachment":[{"href":"http:\/\/razeebuss.com\/es\/wp-json\/wp\/v2\/media?parent=1024"}],"curies":[{"name":"wp","href":"https:\/\/api.w.org\/{rel}","templated":true}]}}