{"id":2290,"date":"2014-08-23T21:03:23","date_gmt":"2014-08-23T19:03:23","guid":{"rendered":"http:\/\/razeebuss.com\/?page_id=2290"},"modified":"2015-12-15T21:26:06","modified_gmt":"2015-12-15T19:26:06","slug":"razmott","status":"publish","type":"page","link":"http:\/\/razeebuss.com\/es\/razmott\/","title":{"rendered":"Razmott"},"content":{"rendered":"<p><span id=\"result_box\" class=\"\" lang=\"es\"><span class=\"hps\">Cuatro a\u00f1os de<\/span> desarrollo <span class=\"hps\">eran necesarias<\/span> <span class=\"hps\">para el Equipo<\/span> <span class=\"hps\">Razeebuss<\/span> <span class=\"hps\">para afinar el<\/span> <span class=\"hps\">Razmott<\/span> <span class=\"hps\">EPS<\/span> <span class=\"hps\">(Sistema<\/span> <span class=\"hps\">de Energ\u00eda El\u00e9ctrica<\/span>), <span class=\"hps\">por lo que es<\/span> <span class=\"hps\">posible<\/span> <span class=\"hps\">comercializar<\/span> <span class=\"hps\">un producto innovador<\/span> <span class=\"hps\">para<\/span> <span class=\"hps\">orientada a<\/span> <span class=\"hps\">abrir<\/span> <span class=\"hps\">y ampliar<\/span> <span class=\"hps\">nuevos<\/span> <span class=\"hps\">horizontes dentro de<\/span> <span class=\"hps\">la actividad de<\/span> <span class=\"hps\">parapente.<\/span> <span class=\"hps\">El<\/span> <span class=\"hps\">Razmott<\/span> <span class=\"hps\">Adopta<\/span> <span class=\"hps\">un sistema de propulsi\u00f3n<\/span> <span class=\"hps\">el\u00e9ctrica<\/span> <span class=\"hps\">(EPS<\/span>) <span class=\"hps\">sintonizado<\/span> <span class=\"hps\">armoniosamente<\/span> <span class=\"hps\">hacia<\/span> <span class=\"hps\">la actividad<\/span> <span class=\"hps\">lanc\u00e9<\/span> <span class=\"hps\">f\u00fatbol<\/span> <span class=\"hps\">volar<\/span> <span class=\"hps\">al incluir<\/span> <span class=\"hps\">un arn\u00e9s de<\/span> <span class=\"hps\">parapente<\/span> <span class=\"hps atn\">(<\/span>dise\u00f1o basado <span class=\"hps\">es<\/span> <span class=\"hps\">Kuik<\/span> <span class=\"hps\">de<\/span> <span class=\"hps\">Kortel<\/span> <span class=\"hps\">especialmente modificado<\/span> <span class=\"hps\">para adaptarse<\/span> <span class=\"hps\">compuesta<\/span> <span class=\"hps\">marco<\/span> <span class=\"hps\">Razmott<\/span>), un <span class=\"hps\">cuadro de fibra de<\/span> <span class=\"hps\">carbono<\/span> <span class=\"hps\">compuesto,<\/span> <span class=\"hps\">y la \u00faltima<\/span> <span class=\"hps\">de la bater\u00eda<\/span> <span class=\"hps\">accionado<\/span> <span class=\"hps\">tecnolog\u00eda de los motores<\/span>.<\/span><\/p>\n<figure id=\"attachment_287\" aria-describedby=\"caption-attachment-287\" style=\"width: 219px\" class=\"wp-caption alignright\"><a href=\"http:\/\/razeebuss.com\/wp-content\/uploads\/2014\/08\/coupe-Icare-11-7.png\"><img decoding=\"async\" class=\"wp-image-287\" src=\"http:\/\/razeebuss.com\/wp-content\/uploads\/2014\/08\/coupe-Icare-11-7-300x200.png\" alt=\"Alexandre Mateo avec le Razmott 130 a la coupe Icare 2011\" width=\"219\" height=\"146\" data-wp-pid=\"287\" srcset=\"http:\/\/razeebuss.com\/wp-content\/uploads\/2014\/08\/coupe-Icare-11-7-300x200.png 300w, http:\/\/razeebuss.com\/wp-content\/uploads\/2014\/08\/coupe-Icare-11-7-600x400.png 600w, http:\/\/razeebuss.com\/wp-content\/uploads\/2014\/08\/coupe-Icare-11-7-800x534.png 800w, http:\/\/razeebuss.com\/wp-content\/uploads\/2014\/08\/coupe-Icare-11-7.png 1024w\" sizes=\"(max-width: 219px) 100vw, 219px\" \/><\/a><figcaption id=\"caption-attachment-287\" class=\"wp-caption-text\">Alexandre Mateos with a Razmott 130 at the 2011\u00a0 Coupe ICARE<\/figcaption><\/figure>\n<p><span id=\"result_box\" class=\"short_text\" lang=\"es\"><span class=\"hps\">Razmott<\/span> existe <span class=\"hps\">en tres tama\u00f1os<\/span>: <span class=\"hps\">115<\/span> <span class=\"hps\">-130-140<\/span><\/span><span id=\"result_box\" class=\"short_text\" lang=\"es\"><\/span><\/p>\n<ul>\n<li>\u00a0<strong>RAZ<\/strong><strong>MOTT<\/strong><span style=\"text-decoration: underline;\"><strong> 115<\/strong><\/span> :\u00a0<span id=\"result_box\" class=\"\" lang=\"es\"><span class=\"hps\"> equipado con<\/span> <span class=\"hps\">un<\/span> <span class=\"hps\">h\u00e9lices<\/span> <span class=\"hps\">plegables<\/span> <span class=\"hps\">de carbono<\/span> de 115 cm <span class=\"hps\">,<\/span> <span class=\"hps\">aproximadamente<\/span> <span class=\"hps\">38 kg<\/span> <span class=\"hps\">de empuje<\/span><\/span>.<\/li>\n<li><strong>RAZMOTT<span style=\"text-decoration: underline;\"> 130<\/span><\/strong> :<span id=\"result_box\" class=\"\" lang=\"es\"><span class=\"hps\"> equipado con<\/span> <span class=\"hps\">un<\/span> <span class=\"hps\">h\u00e9lices<\/span> <span class=\"hps\">plegables<\/span> <span class=\"hps\">de carbono<\/span> de 130\u00a0 cm <span class=\"hps\">,<\/span> <span class=\"hps\">aproximadamente<\/span> 48<span class=\"hps\"> kg<\/span> <span class=\"hps\">de empuje<\/span><\/span>.<\/li>\n<li><strong>RAZMOTT 140<\/strong> : <span id=\"result_box\" class=\"\" lang=\"es\"><span class=\"hps\"> equipado con<\/span> <span class=\"hps\">un<\/span> <span class=\"hps\">h\u00e9lices<\/span> <span class=\"hps\">plegables<\/span> <span class=\"hps\">de carbono<\/span> de 140 cm <span class=\"hps\">,<\/span> <span class=\"hps\">aproximadamente<\/span> 54<span class=\"hps\"> kg<\/span> <span class=\"hps\">de empuje<\/span><\/span>.<\/li>\n<\/ul>\n<p><span style=\"color: #ff0000;\"><strong>\u00a0\u00a0\u00a0\u00a0\u00a0\u00a0\u00a0\u00a0\u00a0\u00a0\u00a0\u00a0\u00a0\u00a0\u00a0\u00a0\u00a0\u00a0\u00a0\u00a0\u00a0\u00a0\u00a0\u00a0\u00a0\u00a0\u00a0\u00a0\u00a0\u00a0\u00a0\u00a0\u00a0\u00a0\u00a0\u00a0\u00a0\u00a0\u00a0\u00a0\u00a0\u00a0\u00a0\u00a0 <span id=\"result_box\" class=\"short_text\" lang=\"es\"><span class=\"hps\">CARACTER\u00cdSTICAS<\/span> <span class=\"hps\">T\u00c9CNICAS:<\/span><\/span><\/strong><\/span><\/p>\n<p><span class=\"\" lang=\"es\"><span class=\"hps\">Un chasis de carbono <\/span> <span class=\"hps\">totalmente<\/span> <span class=\"hps\">desmontable<\/span> <span class=\"hps atn\">(<\/span>3 tama\u00f1os <span class=\"hps\">disponibles<\/span>)\u00a0<span class=\"hps\">\u00a0<\/span><\/span><span id=\"result_box\" class=\"short_text\" lang=\"es\"><span class=\"hps\">motorizacion <\/span><\/span><span id=\"result_box\" class=\"\" lang=\"es\"><span class=\"hps\">Geiger<\/span> <span class=\"hps\">Direct Drive<\/span>: <span class=\"hps\">HPD<\/span> <span class=\"hps\">12<\/span> <span class=\"hps\">.<\/span><\/span><a href=\"http:\/\/razeebuss.com\/wp-content\/uploads\/2014\/08\/Geiger-2015.jpg\"><img fetchpriority=\"high\" decoding=\"async\" class=\"aligncenter wp-image-1619 size-medium\" src=\"http:\/\/razeebuss.com\/wp-content\/uploads\/2014\/08\/Geiger-2015-300x264.jpg\" alt=\"\" width=\"300\" height=\"264\" data-wp-pid=\"301\" srcset=\"http:\/\/razeebuss.com\/wp-content\/uploads\/2014\/08\/Geiger-2015-300x264.jpg 300w, http:\/\/razeebuss.com\/wp-content\/uploads\/2014\/08\/Geiger-2015.jpg 681w\" sizes=\"(max-width: 300px) 100vw, 300px\" \/><\/a> GEIGER ENGINEERING PI 300 Motor Management System <a href=\"http:\/\/razeebuss.com\/wp-content\/uploads\/2014\/08\/025c032d70.jpg\"><img decoding=\"async\" class=\"aligncenter wp-image-1622 size-medium\" src=\"http:\/\/razeebuss.com\/wp-content\/uploads\/2014\/08\/025c032d70-300x225.jpg\" alt=\"\" width=\"300\" height=\"225\" data-wp-pid=\"303\" srcset=\"http:\/\/razeebuss.com\/wp-content\/uploads\/2014\/08\/025c032d70-300x225.jpg 300w, http:\/\/razeebuss.com\/wp-content\/uploads\/2014\/08\/025c032d70.jpg 800w\" sizes=\"(max-width: 300px) 100vw, 300px\" \/><\/a><\/p>\n<ul>\n<li>Wired Flytec Hand Throttle with integrated LCD display<\/li>\n<li>Helix foldable carbon fibre propeller custom designed for electric propulsion flight .<\/li>\n<li>Paragliding harness Kuik from Kortel Design<\/li>\n<li>Chassis realignment systeme\u00a0 for optimal thrust angle configuration in running ( during take off ) and flight cruising mode .<\/li>\n<li>Built-in\u00a0 reserve parachute included<\/li>\n<li>Frame warranty\u00a0 : 5 years<\/li>\n<li>E-Drive warranty : 2 years<\/li>\n<li>Overall weight without batteries : 17 kg<\/li>\n<li>Designed , and made in France<\/li>\n<\/ul>\n<p>\n<!-- Generado usando Document Gallery. Obtenga el suyo aqu\u00ed:http:\/\/wordpress.org\/extend\/plugins\/document-gallery -->\n<div id=\"document-gallery-1\" class=\"document-gallery\" data-shortcode='{\"id\":2290,\"include\":\"2150\",\"exclude\":\"\",\"columns\":4,\"descriptions\":true,\"order\":\"ASC\",\"orderby\":\"post__in\",\"relation\":\"AND\",\"limit\":-1,\"mime_types\":\"application,video,text,audio,image\",\"new_window\":true,\"post_status\":\"any\",\"post_type\":\"attachment\",\"fancy\":true,\"attachment_pg\":false,\"paginate\":true,\"skip\":0}'>\n<div class='document-icon-row descriptions'>\n   <div class=\"document-icon\">\n      <a href=\"http:\/\/razeebuss.com\/wp-content\/uploads\/2014\/08\/RAZEEBUSS_doctechnique_EN_sept2012Web.pdf\" target=\"_blank\">\n         <img decoding=\"async\" src=\"http:\/\/razeebuss.com\/wp-content\/plugins\/document-gallery\/src\/assets\/icons\/pdf.png\" title=\"RAZEEBUSS_doctechnique_EN_sept2012Web\" alt=\"RAZEEBUSS_doctechnique_EN_sept2012Web\" data-ext=\"pdf\"\/>\n         <span class=\"title\">RAZEEBUSS_doctechnique_EN_sept2012Web<\/span>\n      <\/a>\n   <\/div>\n   <p><\/p>\n<\/div>\n<\/div> <a href=\"http:\/\/razeebuss.com\/wp-content\/uploads\/2014\/08\/P1020180.jpg\"><img loading=\"lazy\" decoding=\"async\" class=\"aligncenter size-medium wp-image-1628\" src=\"http:\/\/razeebuss.com\/wp-content\/uploads\/2014\/08\/P1020180-300x169.jpg\" alt=\"razeebuss Razmott ushuaia\" width=\"300\" height=\"169\" data-wp-pid=\"1628\" srcset=\"http:\/\/razeebuss.com\/wp-content\/uploads\/2014\/08\/P1020180-300x169.jpg 300w, http:\/\/razeebuss.com\/wp-content\/uploads\/2014\/08\/P1020180-1024x576.jpg 1024w, http:\/\/razeebuss.com\/wp-content\/uploads\/2014\/08\/P1020180-800x450.jpg 800w, http:\/\/razeebuss.com\/wp-content\/uploads\/2014\/08\/P1020180-1200x675-cropped.jpg 1200w, http:\/\/razeebuss.com\/wp-content\/uploads\/2014\/08\/P1020180.jpg 1920w\" sizes=\"(max-width: 300px) 100vw, 300px\" \/><\/a><\/p>\n<hr \/>\n<p>&nbsp;<\/p>\n<h2>\u00a0\u00a0\u00a0\u00a0\u00a0\u00a0\u00a0\u00a0\u00a0\u00a0\u00a0\u00a0\u00a0\u00a0\u00a0\u00a0\u00a0\u00a0\u00a0\u00a0\u00a0\u00a0\u00a0\u00a0\u00a0\u00a0\u00a0\u00a0\u00a0\u00a0\u00a0\u00a0\u00a0\u00a0\u00a0\u00a0\u00a0\u00a0\u00a0\u00a0\u00a0\u00a0\u00a0\u00a0\u00a0<span style=\"color: #ff9900;\"><strong>\u00a0\u00a0\u00a0\u00a0\u00a0 F.A.Q<\/strong><\/span><\/h2>\n<p>&nbsp;<\/p>\n<div id=\"gt-res-content\" class=\"almost_half_cell\">\n<div dir=\"ltr\">\n<p><span id=\"result_box\" class=\"\" lang=\"es\"><span title=\"Can I use my regular paragliding wing ? \"><span style=\"color: #3366ff;\"><strong>\u00bfPuedo utilizar mi ala parapente regular?<\/strong><\/span><\/span><\/span><\/p>\n<p><span title=\"Yes , but with the understanding that the manufacturer's ttal hooking weight recommendations must be respected . \u00a0\u00a0\u00a0\u00a0\">S\u00ed, pero con el entendimiento de que las recomendaciones de peso de enganche ttal del fabricante deben ser respetados.<\/span><\/p>\n<p><strong><span style=\"color: #3366ff;\">\u00a0<\/span><\/strong><span title=\"It is possible to take off from flat ground ? \"><strong><span style=\"color: #3366ff;\">Es posible despegar de la tierra plana?<\/span><\/strong><\/span><\/p>\n<p><span title=\"Yes , , and no speed is necessary to achieve liftoff to reach the first thermals . \u00a0\u00a0\u00a0\u00a0\">S\u00ed, y no es necesario para alcanzar la velocidad de despegue para llegar a las primeras corrientes t\u00e9rmicas.<\/span><\/p>\n<p><strong><span style=\"color: #3366ff;\">\u00a0\u00a0<\/span><\/strong><span title=\"Is it necessary to have a technical degree to operate the Razmott EPS ? \"><strong><span style=\"color: #3366ff;\">\u00bfEs necesario tener una carrera t\u00e9cnica para operar el Razmott EPS?<\/span><\/strong><\/span><\/p>\n<p><span title=\"Depending on the country's laws , a licence and: or an authorization plus insurance could be mandatory .\">Dependiendo de las leyes del pa\u00eds, una licencia y: o una autorizaci\u00f3n m\u00e1s el seguro podr\u00eda ser obligatorio. <\/span><span title=\"It's imperative you inquire about regulatory flying information regarding the country you intend to fly the Razmott EPS in . \u00a0\u00a0\u00a0\u00a0\">Es imperativo preguntar acerca de informaci\u00f3n de vuelo de reglamentaci\u00f3n sobre el pa\u00eds tiene la intenci\u00f3n de volar las EPS Razmott en.<\/span><\/p>\n<p><strong><span style=\"color: #3366ff;\">\u00a0\u00a0\u00a0<\/span><\/strong><span title=\"What is the battery charging cycle duration ? \"><strong><span style=\"color: #3366ff;\">\u00bfCu\u00e1l es la carga de la bater\u00eda duraci\u00f3n del ciclo?<\/span><\/strong><\/span><\/p>\n<p><span title=\"It will vary depending on the type , and capacity of battery used .About seventy five minutes for a 24 ah battery pack after a deep discharge . \u00a0\u00a0\u00a0\u00a0\u00a0\">Se variar\u00e1 en funci\u00f3n del tipo y capacidad de la bater\u00eda utilizada .Sobre setenta y cinco minutos por un paquete de bater\u00edas de 24 Ah despu\u00e9s de una descarga profunda.<\/span><\/p>\n<p><strong><span style=\"color: #3366ff;\">\u00a0\u00a0<\/span><\/strong><span title=\"How many charges cycles the battery pack can accept ? \"><strong><span style=\"color: #3366ff;\">\u00bfCu\u00e1ntos cargos ciclos de la bater\u00eda puede aceptar?<\/span><\/strong><\/span><\/p>\n<p><span title=\"Nowadays , the hight performance batteries can be recharged over a thousand time , enabling the pilot to enjoy numerous flights . \u00a0\u00a0\u00a0\u00a0\">Hoy en d\u00eda, las bater\u00edas de rendimiento altura se pueden recargar durante un tiempo de mil, que permite al piloto disfrutar de numerosos vuelos.<\/span><\/p>\n<p><strong><span style=\"color: #3366ff;\">\u00a0<\/span><\/strong><span title=\"What king of AGL ( Above Ground Level ) altitude gain can one expect to reach ? \"><strong><span style=\"color: #3366ff;\">\u00bfQu\u00e9 rey de AGL (sobre rasante) desnivel se puede esperar para llegar?<\/span><\/strong><\/span><\/p>\n<p><span title=\"It will depend on the type on wing used for any particular flight.\">Depender\u00e1 del tipo de ala utilizado para cualquier vuelo en particular. <\/span><span title=\"An EN B -LFT 1-2model , with respect to the manufacturer's recommended operating weight limitations, will tend to gravitate at around 500 to 800 meters AGL , relevant to the battery model used to power the Razmott EPS. \u00a0\u00a0\u00a0\u00a0\">Un 1-2model EN B -LFT, con respecto a las limitaciones de peso operativo recomendados por el fabricante, tender\u00e1 a gravitar alrededor de 500 a 800 metros AGL, relevantes para el modelo de bater\u00eda se utiliza para alimentar el Razmott EPS.<\/span><\/p>\n<p><strong><span style=\"color: #3366ff;\">\u00a0<\/span><\/strong><span title=\"How long can I fly with my Razmott ? \"><strong><span style=\"color: #3366ff;\">\u00bfCu\u00e1nto tiempo puedo volar con mi Razmott?<\/span><\/strong><\/span><\/p>\n<p><span title=\"Duration will vary based on the type of flying you will undertake;\">Duraci\u00f3n variar\u00e1 en funci\u00f3n del tipo de vuelo va a llevar a cabo; <\/span><span title=\"If under electric power only and at full throttle , you could expect 10 to 16 minutes of air time , and 20 to 27 minutes in step-flying configuration ( based on LIPO 25AH Battery pack ) depending on battery type and capacity. \u00a0\u00a0\u00a0\u00a0\">Si es menor y s\u00f3lo a todo gas la energ\u00eda el\u00e9ctrica, se puede esperar 10 a 16 minutos de tiempo aire, y de 20 a 27 minutos en la configuraci\u00f3n paso a volar (basado en LIPO 25AH Bater\u00eda) dependiendo del tipo de bater\u00eda y capacidad.<\/span><\/p>\n<p><span style=\"color: #3366ff;\"><strong>\u00a0\u00a0<\/strong><\/span><span title=\"How much thrust is delivered by the Razmott EPS ? \"><span style=\"color: #3366ff;\"><strong>\u00bfCu\u00e1nto empuje se emitir\u00e1 seg\u00fan la Razmott EPS?<\/strong><\/span><\/span><\/p>\n<p><span title=\"It will wary according to propeller dimensions.\">Lo har\u00e1 desconfiar de acuerdo a las dimensiones de la h\u00e9lice. <\/span><span title=\"With a 115 , 130 or 140 cm diameter proppelor , the thrust will respectively be 38 , 45 and 55 kg , using the HPD 10 E-Drive . \u00a0\u00a0\u00a0\u00a0\">Con un proppelor cm de di\u00e1metro 115, 130 o 140, el empuje ser\u00e1, respectivamente, ser de 38, 45 y 55 kg, utilizando el E-Drive HPD 10.<\/span><\/p>\n<p><strong><span style=\"color: #3366ff;\">\u00a0\u00a0<\/span><\/strong><span title=\"How much power is delivered to the propeller by the engine ? \"><strong><span style=\"color: #3366ff;\">\u00bfCu\u00e1nta potencia se entrega a la h\u00e9lice por el motor?<\/span><\/strong><\/span><\/p>\n<p><span title=\"The GEIGER HPD 10 E-Drive powering the Razmott EPS delivers a constant 10 kW ( 13,6 HP ) and 12,5 kW ( 17 HP ) during start . \u00a0\u00a0\u00a0\u00a0\">El GEIGER HPD 10 E-Drive alimentar el Razmott EPS entrega un 10 kW constante (13,6 HP) y de 12,5 kW (17 CV) durante el arranque.<\/span><\/p>\n<p><strong><span style=\"color: #3366ff;\">\u00a0\u00a0<\/span><\/strong><span title=\"Why is the Razmott EPS equipped with a cage ? \"><strong><span style=\"color: #3366ff;\">\u00bfPor qu\u00e9 est\u00e1 equipado el Razmott EPS con una jaula?<\/span><\/strong><\/span><\/p>\n<p><span title=\"The first Razmott EPS prototypes were not equipped with a cage .\">Los primeros prototipos Razmott EPS no estaban equipados con una jaula. <\/span><span title=\"After numerous test flights , the R&amp;D department decided to adopt a streamlined light carbon fibre propeller cage , enhancing the overall aesthetic while facilitating handling and improving safety ! \u00a0\u00a0\u00a0\u00a0\">Despu\u00e9s de numerosos vuelos de prueba, el departamento de I + D decidieron adoptar una fibra h\u00e9lice jaula de carbono ligero aerodin\u00e1mico, mejorar la est\u00e9tica general al tiempo que facilita la manipulaci\u00f3n y la mejora de la seguridad!<\/span><\/p>\n<p><strong><span style=\"color: #3366ff;\">\u00a0\u00a0\u00a0<\/span><\/strong><span title=\"Does the Razmott EPS have a warranty ? \"><strong><span style=\"color: #3366ff;\">\u00bfEl Razmott EPS tiene una garant\u00eda?<\/span><\/strong><\/span><\/p>\n<p><span title=\"Yes , Many ground and flight test hours combined with hight quality compoents , meticulous manufacturing and quality materials, have enabled us to offer a 5 year warranty on the frame and 2 years on the electronics and electric features .\">S\u00ed, muchas horas en tierra y pruebas de vuelo combinadas con compoents calidad del hight, fabricaci\u00f3n meticulosa y materiales de calidad, nos han permitido ofrecer una garant\u00eda de 5 a\u00f1os en el marco y 2 a\u00f1os en la electr\u00f3nica y las caracter\u00edsticas el\u00e9ctricas.<\/span><\/p>\n<\/div>\n<\/div>\n<div id=\"gt-res-tools\" class=\"\"><\/div>\n<div id=\"gt-text-top\"><\/div>\n<div id=\"gt-ft\"><\/div>\n<p>&nbsp;<\/p>\n","protected":false},"excerpt":{"rendered":"<p>Cuatro a\u00f1os de desarrollo eran necesarias para el Equipo Razeebuss para afinar el Razmott EPS (Sistema de Energ\u00eda El\u00e9ctrica), por lo que es posible comercializar un producto innovador para orientada a abrir y ampliar nuevos horizontes dentro de la actividad de parapente. El Razmott Adopta un sistema de propulsi\u00f3n el\u00e9ctrica (EPS) sintonizado armoniosamente hacia la &hellip; <a href=\"http:\/\/razeebuss.com\/es\/razmott\/\" class=\"more-link\">Seguir leyendo <span class=\"screen-reader-text\">Razmott<\/span> <span class=\"meta-nav\">&rarr;<\/span><\/a><\/p>\n","protected":false},"author":1,"featured_media":686,"parent":0,"menu_order":7,"comment_status":"closed","ping_status":"closed","template":"","meta":{"jetpack_post_was_ever_published":false,"footnotes":""},"class_list":["post-2290","page","type-page","status-publish","has-post-thumbnail","hentry"],"yoast_head":"<!-- This site is optimized with the Yoast SEO plugin v26.3 - https:\/\/yoast.com\/wordpress\/plugins\/seo\/ -->\n<title>Razmott - RAZEEBUSS AIRCRAFT<\/title>\n<meta name=\"robots\" content=\"index, follow, max-snippet:-1, max-image-preview:large, max-video-preview:-1\" \/>\n<link rel=\"canonical\" href=\"http:\/\/razeebuss.com\/es\/razmott\/\" \/>\n<script type=\"application\/ld+json\" class=\"yoast-schema-graph\">{\"@context\":\"https:\/\/schema.org\",\"@graph\":[{\"@type\":\"BreadcrumbList\",\"@id\":\"http:\/\/razeebuss.com\/es\/razmott\/#breadcrumb\",\"itemListElement\":[{\"@type\":\"ListItem\",\"position\":1,\"name\":\"Accueil\",\"item\":\"https:\/\/razeebuss.com\/es\/\"},{\"@type\":\"ListItem\",\"position\":2,\"name\":\"Razmott\"}]}]}<\/script>\n<!-- \/ Yoast SEO plugin. -->","yoast_head_json":{"title":"Razmott - RAZEEBUSS AIRCRAFT","robots":{"index":"index","follow":"follow","max-snippet":"max-snippet:-1","max-image-preview":"max-image-preview:large","max-video-preview":"max-video-preview:-1"},"canonical":"http:\/\/razeebuss.com\/es\/razmott\/","schema":{"@context":"https:\/\/schema.org","@graph":[{"@type":"BreadcrumbList","@id":"http:\/\/razeebuss.com\/es\/razmott\/#breadcrumb","itemListElement":[{"@type":"ListItem","position":1,"name":"Accueil","item":"https:\/\/razeebuss.com\/es\/"},{"@type":"ListItem","position":2,"name":"Razmott"}]}]}},"jetpack_shortlink":"https:\/\/wp.me\/P4ScjR-AW","jetpack_sharing_enabled":true,"_links":{"self":[{"href":"http:\/\/razeebuss.com\/es\/wp-json\/wp\/v2\/pages\/2290","targetHints":{"allow":["GET"]}}],"collection":[{"href":"http:\/\/razeebuss.com\/es\/wp-json\/wp\/v2\/pages"}],"about":[{"href":"http:\/\/razeebuss.com\/es\/wp-json\/wp\/v2\/types\/page"}],"author":[{"embeddable":true,"href":"http:\/\/razeebuss.com\/es\/wp-json\/wp\/v2\/users\/1"}],"replies":[{"embeddable":true,"href":"http:\/\/razeebuss.com\/es\/wp-json\/wp\/v2\/comments?post=2290"}],"version-history":[{"count":3,"href":"http:\/\/razeebuss.com\/es\/wp-json\/wp\/v2\/pages\/2290\/revisions"}],"predecessor-version":[{"id":2294,"href":"http:\/\/razeebuss.com\/es\/wp-json\/wp\/v2\/pages\/2290\/revisions\/2294"}],"wp:featuredmedia":[{"embeddable":true,"href":"http:\/\/razeebuss.com\/es\/wp-json\/wp\/v2\/media\/686"}],"wp:attachment":[{"href":"http:\/\/razeebuss.com\/es\/wp-json\/wp\/v2\/media?parent=2290"}],"curies":[{"name":"wp","href":"https:\/\/api.w.org\/{rel}","templated":true}]}}